{"id":247,"date":"2021-04-29T03:36:59","date_gmt":"2021-04-29T03:36:59","guid":{"rendered":"https:\/\/solimo.com.vn\/vietnamplating\/contact\/"},"modified":"2024-05-14T17:52:49","modified_gmt":"2024-05-14T10:52:49","slug":"contact","status":"publish","type":"page","link":"https:\/\/vietnamplating.com\/cn\/contact\/","title":{"rendered":"\u8054\u7cfb"},"content":{"rendered":"\t\t<div data-elementor-type=\"wp-page\" data-elementor-id=\"247\" class=\"elementor elementor-247\">\n\t\t\t\t\t\t<section class=\"elementor-section elementor-top-section elementor-element elementor-element-679c340 elementor-section-content-middle elementor-section-boxed elementor-section-height-default elementor-section-height-default\" data-id=\"679c340\" data-element_type=\"section\" data-e-type=\"section\" data-settings=\"{&quot;background_background&quot;:&quot;classic&quot;}\">\n\t\t\t\t\t\t\t<div class=\"elementor-background-overlay\"><\/div>\n\t\t\t\t\t\t\t<div class=\"elementor-container elementor-column-gap-no\">\n\t\t\t\t\t<div class=\"elementor-column elementor-col-100 elementor-top-column elementor-element elementor-element-6c7c7c2\" data-id=\"6c7c7c2\" data-element_type=\"column\" data-e-type=\"column\">\n\t\t\t<div class=\"elementor-widget-wrap elementor-element-populated\">\n\t\t\t\t\t\t<div class=\"elementor-element elementor-element-6c859a3 elementor-vertical-align-top elementor-widget elementor-widget-image-box\" data-id=\"6c859a3\" data-element_type=\"widget\" data-e-type=\"widget\" data-widget_type=\"image-box.default\">\n\t\t\t\t<div class=\"elementor-widget-container\">\n\t\t\t\t\t<div class=\"elementor-image-box-wrapper\"><div class=\"elementor-image-box-content\"><h1 class=\"elementor-image-box-title\">\u8054\u7cfb<\/h1><p class=\"elementor-image-box-description\">\u5c0a\u656c\u7684\u5ba2\u6237\uff0c\u5982\u679c\u60a8\u5bf9\u6211\u4eec\u7684\u9540\u950c\u673a\u4ea7\u54c1\u611f\u5174\u8da3\uff0c\u8bf7\u8054\u7cfb\u6211\u4eec\u4ee5\u83b7\u5f97\u66f4\u597d\u7684\u54a8\u8be2\u3002<\/p><\/div><\/div>\t\t\t\t<\/div>\n\t\t\t\t<\/div>\n\t\t\t\t\t<\/div>\n\t\t<\/div>\n\t\t\t\t\t<\/div>\n\t\t<\/section>\n\t\t\t\t<section class=\"elementor-section elementor-top-section elementor-element elementor-element-f09f7e5 elementor-section-content-middle elementor-section-boxed elementor-section-height-default elementor-section-height-default\" data-id=\"f09f7e5\" data-element_type=\"section\" data-e-type=\"section\">\n\t\t\t\t\t\t<div class=\"elementor-container elementor-column-gap-no\">\n\t\t\t\t\t<div class=\"elementor-column elementor-col-50 elementor-top-column elementor-element elementor-element-4b59e4e\" data-id=\"4b59e4e\" data-element_type=\"column\" data-e-type=\"column\" data-settings=\"{&quot;background_background&quot;:&quot;classic&quot;}\">\n\t\t\t<div class=\"elementor-widget-wrap elementor-element-populated\">\n\t\t\t\t\t<div class=\"elementor-background-overlay\"><\/div>\n\t\t\t\t\t\t<div class=\"elementor-element elementor-element-227a786 elementor-widget elementor-widget-text-editor\" data-id=\"227a786\" data-element_type=\"widget\" data-e-type=\"widget\" data-widget_type=\"text-editor.default\">\n\t\t\t\t<div class=\"elementor-widget-container\">\n\t\t\t\t\t\t\t\t\t<p><em><strong>V\u0103n ph\u00f2ng: T\u00e2n Quang, V\u0103n L\u00e2m, H\u01b0ng Y\u00ean.<\/strong><\/em><\/p><p><em><strong>Nh\u00e0 m\u00e1y: Khu c\u00f4ng nghi\u1ec7p T\u00e2n Quang, H\u01b0ng Y\u00ean<\/strong><\/em><\/p><p><em><strong>Hotline: 0971961679<\/strong><\/em><\/p><p><em><strong>B\u1ed9 Ph\u1eadn Kinh Doanh: 096 2591939 &#8211; 097 5793996<\/strong><\/em><\/p><p><em><strong>eMail: ximaxuatkhau@gmail.com<\/strong><\/em><\/p>\t\t\t\t\t\t\t\t<\/div>\n\t\t\t\t<\/div>\n\t\t\t\t\t<\/div>\n\t\t<\/div>\n\t\t\t\t<div class=\"elementor-column elementor-col-50 elementor-top-column elementor-element elementor-element-00a7ee2\" data-id=\"00a7ee2\" data-element_type=\"column\" data-e-type=\"column\" data-settings=\"{&quot;background_background&quot;:&quot;classic&quot;}\">\n\t\t\t<div class=\"elementor-widget-wrap elementor-element-populated\">\n\t\t\t\t\t\t<div class=\"elementor-element elementor-element-8861ab0 elementor-widget elementor-widget-heading\" data-id=\"8861ab0\" data-element_type=\"widget\" data-e-type=\"widget\" data-widget_type=\"heading.default\">\n\t\t\t\t<div class=\"elementor-widget-container\">\n\t\t\t\t\t<h3 class=\"elementor-heading-title elementor-size-default\">G\u1eedi Tin Nh\u1eafn Nhanh<\/h3>\t\t\t\t<\/div>\n\t\t\t\t<\/div>\n\t\t\t\t<div class=\"elementor-element elementor-element-96f99bf elementor-widget elementor-widget-wpforms\" data-id=\"96f99bf\" data-element_type=\"widget\" data-e-type=\"widget\" data-widget_type=\"wpforms.default\">\n\t\t\t\t<div class=\"elementor-widget-container\">\n\t\t\t\t\t<div class=\"wpforms-container \" id=\"wpforms-7\"><form id=\"wpforms-form-7\" class=\"wpforms-validate wpforms-form\" data-formid=\"7\" method=\"post\" enctype=\"multipart\/form-data\" action=\"\/cn\/wp-json\/wp\/v2\/pages\/247\" data-token=\"95516d9d40530ee9455823793115054a\" data-token-time=\"1778336556\"><noscript class=\"wpforms-error-noscript\">Please enable JavaScript in your browser to complete this form.<\/noscript><div class=\"wpforms-field-container\"><div id=\"wpforms-7-field_0-container\" class=\"wpforms-field wpforms-field-name\" data-field-id=\"0\"><label class=\"wpforms-field-label wpforms-label-hide\" for=\"wpforms-7-field_0\">H\u1ecd t\u00ean <span class=\"wpforms-required-label\">*<\/span><\/label><input type=\"text\" id=\"wpforms-7-field_0\" class=\"wpforms-field-large wpforms-field-required\" name=\"wpforms[fields][0]\" required><\/div><div id=\"wpforms-7-field_4-container\" class=\"wpforms-field wpforms-field-number\" data-field-id=\"4\"><label class=\"wpforms-field-label wpforms-label-hide\" for=\"wpforms-7-field_4\">S\u1ed1t \u0111i\u1ec7n tho\u1ea1i <span class=\"wpforms-required-label\">*<\/span><\/label><input type=\"number\" id=\"wpforms-7-field_4\" class=\"wpforms-field-medium wpforms-field-required\" name=\"wpforms[fields][4]\" step=\"any\" required><\/div><div id=\"wpforms-7-field_3-container\" class=\"wpforms-field wpforms-field-radio\" data-field-id=\"3\"><label class=\"wpforms-field-label\">N\u1ed9i dung c\u1ea7n t\u01b0 v\u1ea5n<\/label><ul id=\"wpforms-7-field_3\"><li class=\"choice-1 depth-1\"><input type=\"radio\" id=\"wpforms-7-field_3_1\" name=\"wpforms[fields][3]\" value=\"Gia c\u00f4ng xi m\u1ea1\"  ><label class=\"wpforms-field-label-inline\" for=\"wpforms-7-field_3_1\">Gia c\u00f4ng xi m\u1ea1<\/label><\/li><li class=\"choice-2 depth-1\"><input type=\"radio\" id=\"wpforms-7-field_3_2\" name=\"wpforms[fields][3]\" value=\"B\u1ea3ng gi\u00e1 gia c\u00f4ng\"  ><label class=\"wpforms-field-label-inline\" for=\"wpforms-7-field_3_2\">B\u1ea3ng gi\u00e1 gia c\u00f4ng<\/label><\/li><li class=\"choice-3 depth-1\"><input type=\"radio\" id=\"wpforms-7-field_3_3\" name=\"wpforms[fields][3]\" value=\"V\u1ea5n \u0111\u1ec1 kh\u00e1c\"  ><label class=\"wpforms-field-label-inline\" for=\"wpforms-7-field_3_3\">V\u1ea5n \u0111\u1ec1 kh\u00e1c<\/label><\/li><\/ul><\/div><\/div><!-- .wpforms-field-container --><div class=\"wpforms-submit-container\" ><input type=\"hidden\" name=\"wpforms[id]\" value=\"7\"><input type=\"hidden\" name=\"page_title\" value=\"\"><input type=\"hidden\" name=\"page_url\" value=\"https:\/\/vietnamplating.com\/cn\/wp-json\/wp\/v2\/pages\/247\"><input type=\"hidden\" name=\"url_referer\" value=\"\"><button type=\"submit\" name=\"wpforms[submit]\" id=\"wpforms-submit-7\" class=\"wpforms-submit\" data-alt-text=\"\u0110ang g\u1eedi...\" data-submit-text=\"Li\u00ean h\u1ec7\" aria-live=\"assertive\" value=\"wpforms-submit\">Li\u00ean h\u1ec7<\/button><\/div><\/form><\/div>  <!-- .wpforms-container -->\t\t\t\t<\/div>\n\t\t\t\t<\/div>\n\t\t\t\t\t<\/div>\n\t\t<\/div>\n\t\t\t\t\t<\/div>\n\t\t<\/section>\n\t\t\t\t<\/div>\n\t\t","protected":false},"excerpt":{"rendered":"<p>\u8054\u7cfb \u5c0a\u656c\u7684\u5ba2\u6237\uff0c\u5982\u679c\u60a8\u5bf9\u6211\u4eec\u7684\u9540\u950c\u673a\u4ea7\u54c1\u611f\u5174\u8da3\uff0c\u8bf7\u8054\u7cfb\u6211\u4eec\u4ee5\u83b7\u5f97\u66f4\u597d\u7684\u54a8\u8be2\u3002 V\u0103n ph\u00f2ng: T\u00e2n Quang, V\u0103n L\u00e2m, H\u01b0ng Y\u00ean. Nh\u00e0 m\u00e1y: Khu c\u00f4ng nghi\u1ec7p T\u00e2n Quang, H\u01b0ng Y\u00ean Hotline: 0971961679 B\u1ed9 Ph\u1eadn Kinh Doanh: 096 2591939 &#8211; 097 5793996 eMail: ximaxuatkhau@gmail.com G\u1eedi Tin Nh\u1eafn Nhanh \u8bf7\u5728\u6d4f\u89c8\u5668\u4e2d\u542f\u7528JavaScript\u6765\u5b8c\u6210\u6b64\u8868\u5355\u3002H\u1ecd t\u00ean *S\u1ed1t \u0111i\u1ec7n tho\u1ea1i *N\u1ed9i dung c\u1ea7n t\u01b0 v\u1ea5n Gia c\u00f4ng xi m\u1ea1 B\u1ea3ng gi\u00e1 gia c\u00f4ng V\u1ea5n [&hellip;]<\/p>\n","protected":false},"author":1,"featured_media":0,"parent":0,"menu_order":0,"comment_status":"closed","ping_status":"closed","template":"","meta":{"site-sidebar-layout":"no-sidebar","site-content-layout":"page-builder","ast-site-content-layout":"full-width-container","site-content-style":"unboxed","site-sidebar-style":"unboxed","ast-global-header-display":"","ast-banner-title-visibility":"","ast-main-header-display":"","ast-hfb-above-header-display":"","ast-hfb-below-header-display":"","ast-hfb-mobile-header-display":"","site-post-title":"disabled","ast-breadcrumbs-content":"","ast-featured-img":"disabled","footer-sml-layout":"","ast-disable-related-posts":"","theme-transparent-header-meta":"enabled","adv-header-id-meta":"","stick-header-meta":"","header-above-stick-meta":"","header-main-stick-meta":"","header-below-stick-meta":"","astra-migrate-meta-layouts":"set","ast-page-background-enabled":"default","ast-page-background-meta":{"desktop":{"background-color":"","background-image":"","background-repeat":"repeat","background-position":"center center","background-size":"auto","background-attachment":"scroll","background-type":"","background-media":"","overlay-type":"","overlay-color":"","overlay-opacity":"","overlay-gradient":""},"tablet":{"background-color":"","background-image":"","background-repeat":"repeat","background-position":"center center","background-size":"auto","background-attachment":"scroll","background-type":"","background-media":"","overlay-type":"","overlay-color":"","overlay-opacity":"","overlay-gradient":""},"mobile":{"background-color":"","background-image":"","background-repeat":"repeat","background-position":"center center","background-size":"auto","background-attachment":"scroll","background-type":"","background-media":"","overlay-type":"","overlay-color":"","overlay-opacity":"","overlay-gradient":""}},"ast-content-background-meta":{"desktop":{"background-color":"var(--ast-global-color-5)","background-image":"","background-repeat":"repeat","background-position":"center center","background-size":"auto","background-attachment":"scroll","background-type":"","background-media":"","overlay-type":"","overlay-color":"","overlay-opacity":"","overlay-gradient":""},"tablet":{"background-color":"var(--ast-global-color-5)","background-image":"","background-repeat":"repeat","background-position":"center center","background-size":"auto","background-attachment":"scroll","background-type":"","background-media":"","overlay-type":"","overlay-color":"","overlay-opacity":"","overlay-gradient":""},"mobile":{"background-color":"var(--ast-global-color-5)","background-image":"","background-repeat":"repeat","background-position":"center center","background-size":"auto","background-attachment":"scroll","background-type":"","background-media":"","overlay-type":"","overlay-color":"","overlay-opacity":"","overlay-gradient":""}},"footnotes":""},"class_list":["post-247","page","type-page","status-publish","hentry"],"_links":{"self":[{"href":"https:\/\/vietnamplating.com\/cn\/wp-json\/wp\/v2\/pages\/247","targetHints":{"allow":["GET"]}}],"collection":[{"href":"https:\/\/vietnamplating.com\/cn\/wp-json\/wp\/v2\/pages"}],"about":[{"href":"https:\/\/vietnamplating.com\/cn\/wp-json\/wp\/v2\/types\/page"}],"author":[{"embeddable":true,"href":"https:\/\/vietnamplating.com\/cn\/wp-json\/wp\/v2\/users\/1"}],"replies":[{"embeddable":true,"href":"https:\/\/vietnamplating.com\/cn\/wp-json\/wp\/v2\/comments?post=247"}],"version-history":[{"count":12,"href":"https:\/\/vietnamplating.com\/cn\/wp-json\/wp\/v2\/pages\/247\/revisions"}],"predecessor-version":[{"id":1504,"href":"https:\/\/vietnamplating.com\/cn\/wp-json\/wp\/v2\/pages\/247\/revisions\/1504"}],"wp:attachment":[{"href":"https:\/\/vietnamplating.com\/cn\/wp-json\/wp\/v2\/media?parent=247"}],"curies":[{"name":"wp","href":"https:\/\/api.w.org\/{rel}","templated":true}]}}